{"id":500,"date":"2021-03-20T22:21:38","date_gmt":"2021-03-20T22:21:38","guid":{"rendered":"https:\/\/www.oceanodecontemplacion.com\/?page_id=500"},"modified":"2021-04-24T23:48:38","modified_gmt":"2021-04-24T23:48:38","slug":"acompanamiento","status":"publish","type":"page","link":"https:\/\/www.oceanodecontemplacion.com\/index.php\/acompanamiento\/","title":{"rendered":"Acompa\u00f1amiento Tanatol\u00f3gico"},"content":{"rendered":"\t\t<div data-elementor-type=\"wp-page\" data-elementor-id=\"500\" class=\"elementor elementor-500\" data-elementor-settings=\"[]\">\n\t\t\t\t\t\t\t<div class=\"elementor-section-wrap\">\n\t\t\t\t\t\t\t<section class=\"elementor-section elementor-top-section elementor-element elementor-element-1b0a5d33 elementor-section-height-min-height elementor-section-boxed elementor-section-height-default elementor-section-items-middle\" data-id=\"1b0a5d33\" data-element_type=\"section\" data-settings=\"{&quot;background_background&quot;:&quot;classic&quot;}\">\n\t\t\t\t\t\t\t<div class=\"elementor-background-overlay\"><\/div>\n\t\t\t\t\t\t\t<div class=\"elementor-container elementor-column-gap-default\">\n\t\t\t\t\t<div class=\"elementor-column elementor-col-100 elementor-top-column elementor-element elementor-element-1f841ba\" data-id=\"1f841ba\" data-element_type=\"column\">\n\t\t\t<div class=\"elementor-widget-wrap elementor-element-populated\">\n\t\t\t\t\t\t\t\t<div class=\"elementor-element elementor-element-365ba0bd elementor-widget elementor-widget-heading\" data-id=\"365ba0bd\" data-element_type=\"widget\" data-widget_type=\"heading.default\">\n\t\t\t\t<div class=\"elementor-widget-container\">\n\t\t\t<h1 class=\"elementor-heading-title elementor-size-default\">Acompa\u00f1amiento en duelos y p\u00e9rdidas<\/h1>\t\t<\/div>\n\t\t\t\t<\/div>\n\t\t\t\t\t<\/div>\n\t\t<\/div>\n\t\t\t\t\t\t\t<\/div>\n\t\t<\/section>\n\t\t\t\t<section class=\"elementor-section elementor-top-section elementor-element elementor-element-ac94a06 elementor-section-boxed elementor-section-height-default elementor-section-height-default\" data-id=\"ac94a06\" data-element_type=\"section\">\n\t\t\t\t\t\t<div class=\"elementor-container elementor-column-gap-default\">\n\t\t\t\t\t<div class=\"elementor-column elementor-col-100 elementor-top-column elementor-element elementor-element-ef7eaea\" data-id=\"ef7eaea\" data-element_type=\"column\">\n\t\t\t<div class=\"elementor-widget-wrap elementor-element-populated\">\n\t\t\t\t\t\t\t\t<div class=\"elementor-element elementor-element-cb5ded1 elementor-widget elementor-widget-text-editor\" data-id=\"cb5ded1\" data-element_type=\"widget\" data-widget_type=\"text-editor.default\">\n\t\t\t\t<div class=\"elementor-widget-container\">\n\t\t\t\t\t<div class=\"elementor-text-editor elementor-clearfix\"><p style=\"font-weight: bold; text-align: center; color: #000; font-size: 20pt; line-height: 2.5rem;\">Transformando el duelo y sufrimiento en la enfermedad, la vejez y la muerte en Calma, Quietud y Amor Incondicional por medio de Pr\u00e1cticas Contemplativas y los Cuidados Contemplativos.<\/p><\/div>\n\t\t\t\t<\/div>\n\t\t\t\t<\/div>\n\t\t\t\t\t<\/div>\n\t\t<\/div>\n\t\t\t\t\t\t\t<\/div>\n\t\t<\/section>\n\t\t\t\t<section class=\"elementor-section elementor-top-section elementor-element elementor-element-bfe00ce elementor-section-boxed elementor-section-height-default elementor-section-height-default\" data-id=\"bfe00ce\" data-element_type=\"section\">\n\t\t\t\t\t\t<div class=\"elementor-container elementor-column-gap-default\">\n\t\t\t\t\t<div class=\"elementor-column elementor-col-100 elementor-top-column elementor-element elementor-element-5a996e0\" data-id=\"5a996e0\" data-element_type=\"column\">\n\t\t\t<div class=\"elementor-widget-wrap elementor-element-populated\">\n\t\t\t\t\t\t\t\t<div class=\"elementor-element elementor-element-5b99a17 elementor-widget elementor-widget-text-editor\" data-id=\"5b99a17\" data-element_type=\"widget\" data-widget_type=\"text-editor.default\">\n\t\t\t\t<div class=\"elementor-widget-container\">\n\t\t\t\t\t<div class=\"elementor-text-editor elementor-clearfix\"><p style=\"color: #000; font-size: 20pt;\"><b>\u00bfQu\u00e9 son las Pr\u00e1cticas Contemplativas?<\/b><\/p><\/div>\n\t\t\t\t<\/div>\n\t\t\t\t<\/div>\n\t\t\t\t\t<\/div>\n\t\t<\/div>\n\t\t\t\t\t\t\t<\/div>\n\t\t<\/section>\n\t\t\t\t<section class=\"elementor-section elementor-top-section elementor-element elementor-element-2ecbb8f elementor-section-boxed elementor-section-height-default elementor-section-height-default\" data-id=\"2ecbb8f\" data-element_type=\"section\">\n\t\t\t\t\t\t<div class=\"elementor-container elementor-column-gap-default\">\n\t\t\t\t\t<div class=\"elementor-column elementor-col-50 elementor-top-column elementor-element elementor-element-95b48ac\" data-id=\"95b48ac\" data-element_type=\"column\">\n\t\t\t<div class=\"elementor-widget-wrap elementor-element-populated\">\n\t\t\t\t\t\t\t\t<div class=\"elementor-element elementor-element-1fab74e0 elementor-widget elementor-widget-image\" data-id=\"1fab74e0\" data-element_type=\"widget\" data-widget_type=\"image.default\">\n\t\t\t\t<div class=\"elementor-widget-container\">\n\t\t\t\t\t<div class=\"elementor-image\">\n\t\t\t\t\t\t\t\t\t\t<img loading=\"lazy\" decoding=\"async\" width=\"253\" height=\"316\" src=\"https:\/\/www.oceanodecontemplacion.com\/wp-content\/uploads\/2021\/03\/20200122_124533.jpg\" class=\"attachment-full size-full\" alt=\"\" srcset=\"https:\/\/www.oceanodecontemplacion.com\/wp-content\/uploads\/2021\/03\/20200122_124533.jpg 253w, https:\/\/www.oceanodecontemplacion.com\/wp-content\/uploads\/2021\/03\/20200122_124533-240x300.jpg 240w\" sizes=\"auto, (max-width: 253px) 100vw, 253px\" \/>\t\t\t\t\t\t\t\t\t\t\t<\/div>\n\t\t\t\t<\/div>\n\t\t\t\t<\/div>\n\t\t\t\t\t<\/div>\n\t\t<\/div>\n\t\t\t\t<div class=\"elementor-column elementor-col-50 elementor-top-column elementor-element elementor-element-4a1bbde\" data-id=\"4a1bbde\" data-element_type=\"column\">\n\t\t\t<div class=\"elementor-widget-wrap elementor-element-populated\">\n\t\t\t\t\t\t\t\t<div class=\"elementor-element elementor-element-3437ae6 elementor-widget elementor-widget-text-editor\" data-id=\"3437ae6\" data-element_type=\"widget\" data-widget_type=\"text-editor.default\">\n\t\t\t\t<div class=\"elementor-widget-container\">\n\t\t\t\t\t<div class=\"elementor-text-editor elementor-clearfix\"><p style=\"text-align:justify;\"><span style=\"font-weight: 400;\">Las Pr\u00e1cticas Contemplativas son herramientas meditativas, f\u00edsicas, emocionales y espirituales con las cuales cultivamos nuestra atenci\u00f3n plena para llegar a la transformaci\u00f3n del sufrimiento causado por la enfermedad, vejez, la muerte o cualquier tipo de p\u00e9rdida.\u00a0<\/span>\n<\/p>\n<p style=\"text-align:justify;\">\n<span style=\"font-weight: 400;\">El Acompa\u00f1amiento Contemplativo mediante la Practicas Contemplativas y Compasivas nos pone ante la fragilidad de la vida llev\u00e1ndonos a vivir en el momento presente, d\u00e1ndonos una gu\u00eda para transformar la tormenta del sufrimiento en calma, quietud y paz.<\/span>\n<\/p>\n\n<strong>DUELO Y LUTO<\/strong>\n<p style=\"text-align:justify;\">\n<span style=\"font-weight: 400;\">El Duelo llega a nuestras vidas sin avisar, y es la experiencia m\u00e1s com\u00fan por la que pasamos los seres humanos a lo largo de nuestra vida mas de una vez. <\/span><span style=\"font-weight: 400;\">El Duelo es una dimensi\u00f3n inevitable de vivir, porque la p\u00e9rdida es una parte ineludible en la vida humana. <\/span><span style=\"font-weight: 400;\">La experiencia del Duelo involucra la parte emocional, f\u00edsica, cognitiva, social y espiritual y no tiene limite de tiempo. <\/span><span style=\"font-weight: 400;\">Cuando experimentamos una p\u00e9rdida significativa en nuestra vida, vivimos un duelo.<\/span><\/p><\/div>\n\t\t\t\t<\/div>\n\t\t\t\t<\/div>\n\t\t\t\t\t<\/div>\n\t\t<\/div>\n\t\t\t\t\t\t\t<\/div>\n\t\t<\/section>\n\t\t\t\t<section class=\"elementor-section elementor-top-section elementor-element elementor-element-5f41995 elementor-section-boxed elementor-section-height-default elementor-section-height-default\" data-id=\"5f41995\" data-element_type=\"section\">\n\t\t\t\t\t\t<div class=\"elementor-container elementor-column-gap-default\">\n\t\t\t\t\t<div class=\"elementor-column elementor-col-100 elementor-top-column elementor-element elementor-element-062c4a5\" data-id=\"062c4a5\" data-element_type=\"column\">\n\t\t\t<div class=\"elementor-widget-wrap elementor-element-populated\">\n\t\t\t\t\t\t\t\t<div class=\"elementor-element elementor-element-205e44f elementor-widget elementor-widget-text-editor\" data-id=\"205e44f\" data-element_type=\"widget\" data-widget_type=\"text-editor.default\">\n\t\t\t\t<div class=\"elementor-widget-container\">\n\t\t\t\t\t<div class=\"elementor-text-editor elementor-clearfix\"><strong>LUTO<\/strong>\n<p style=\"text-align:justify;\">\n<span style=\"font-weight: 400;\">El Luto se refiere a lo que uno hace con el duelo, precisamente es la respuesta al esfuerzo que una persona hace para manejar el duelo. <\/span><span style=\"font-weight: 400;\">Tratar de hacer frente a la p\u00e9rdida es una tarea tanto individual como asistida por medio del apoyo de familiares y amigos; as\u00ed como los rituales y costumbres espirituales seg\u00fan las creencias de cada familia.<\/span><\/p><\/div>\n\t\t\t\t<\/div>\n\t\t\t\t<\/div>\n\t\t\t\t\t<\/div>\n\t\t<\/div>\n\t\t\t\t\t\t\t<\/div>\n\t\t<\/section>\n\t\t\t\t<section class=\"elementor-section elementor-top-section elementor-element elementor-element-88493d2 elementor-section-boxed elementor-section-height-default elementor-section-height-default\" data-id=\"88493d2\" data-element_type=\"section\">\n\t\t\t\t\t\t<div class=\"elementor-container elementor-column-gap-default\">\n\t\t\t\t\t<div class=\"elementor-column elementor-col-100 elementor-top-column elementor-element elementor-element-7cff381\" data-id=\"7cff381\" data-element_type=\"column\">\n\t\t\t<div class=\"elementor-widget-wrap elementor-element-populated\">\n\t\t\t\t\t\t\t\t<div class=\"elementor-element elementor-element-00ab57e elementor-widget elementor-widget-image\" data-id=\"00ab57e\" data-element_type=\"widget\" data-widget_type=\"image.default\">\n\t\t\t\t<div class=\"elementor-widget-container\">\n\t\t\t\t\t<div class=\"elementor-image\">\n\t\t\t\t\t\t\t\t\t\t<img loading=\"lazy\" decoding=\"async\" width=\"1024\" height=\"768\" src=\"https:\/\/www.oceanodecontemplacion.com\/wp-content\/uploads\/2021\/03\/simposium_4-043-scaled.jpg\" class=\"attachment-large size-large\" alt=\"linaje\" srcset=\"https:\/\/www.oceanodecontemplacion.com\/wp-content\/uploads\/2021\/03\/simposium_4-043-scaled.jpg 2560w, https:\/\/www.oceanodecontemplacion.com\/wp-content\/uploads\/2021\/03\/simposium_4-043-300x225.jpg 300w\" sizes=\"auto, (max-width: 1024px) 100vw, 1024px\" \/>\t\t\t\t\t\t\t\t\t\t\t<\/div>\n\t\t\t\t<\/div>\n\t\t\t\t<\/div>\n\t\t\t\t<div class=\"elementor-element elementor-element-5a02fdb elementor-widget elementor-widget-text-editor\" data-id=\"5a02fdb\" data-element_type=\"widget\" data-widget_type=\"text-editor.default\">\n\t\t\t\t<div class=\"elementor-widget-container\">\n\t\t\t\t\t<div class=\"elementor-text-editor elementor-clearfix\"><p>Simposium Zen Peacemakers, Massachusetts. USA.<\/p><\/div>\n\t\t\t\t<\/div>\n\t\t\t\t<\/div>\n\t\t\t\t\t<\/div>\n\t\t<\/div>\n\t\t\t\t\t\t\t<\/div>\n\t\t<\/section>\n\t\t\t\t<section class=\"elementor-section elementor-top-section elementor-element elementor-element-5a35ecb elementor-section-boxed elementor-section-height-default elementor-section-height-default\" data-id=\"5a35ecb\" data-element_type=\"section\">\n\t\t\t\t\t\t<div class=\"elementor-container elementor-column-gap-default\">\n\t\t\t\t\t<div class=\"elementor-column elementor-col-100 elementor-top-column elementor-element elementor-element-b65a29f\" data-id=\"b65a29f\" data-element_type=\"column\">\n\t\t\t<div class=\"elementor-widget-wrap elementor-element-populated\">\n\t\t\t\t\t\t\t\t<div class=\"elementor-element elementor-element-c9459c4 elementor-widget elementor-widget-text-editor\" data-id=\"c9459c4\" data-element_type=\"widget\" data-widget_type=\"text-editor.default\">\n\t\t\t\t<div class=\"elementor-widget-container\">\n\t\t\t\t\t<div class=\"elementor-text-editor elementor-clearfix\"><p style=\"text-align:justify;\">\nDe izquierda a derecha: Frank Ostazeski (co-fundador del Zen Hospice Project en San\nFrancisco, CA y del Metta Institute l\u00edder en el campo del cuidado contemplativo y\ncompasivo al final de la vida); Roshi Pat Enkio O\u2019Hara (Abadesa y Fundadora de Village\nZendo in New York City); Sensei Chodo Robert Cambell ( co-fundador del New York Zen\nCenter for Contemplative Care y Director de Cuidados Contemplativos); Roshi Joan Halifax\n(Abadesa y Fundadora de Upaya Institute and Zen Center); Sensei Koshin Paley Ellison (Co-\nFundador y Presidente del New York Zen Center for Contemplative Care).\nGrandes Maestros que con su experiencia, dedicaci\u00f3n y profesionalismo nos han guiado y\nense\u00f1ado que mediante la preparaci\u00f3n adecuada, compasiva y \u00e9tica podemos acompa\u00f1ar\na transformar el sufrimiento de los dem\u00e1s.\n<\/p><\/div>\n\t\t\t\t<\/div>\n\t\t\t\t<\/div>\n\t\t\t\t\t<\/div>\n\t\t<\/div>\n\t\t\t\t\t\t\t<\/div>\n\t\t<\/section>\n\t\t\t\t\t\t<\/div>\n\t\t\t\t\t<\/div>\n\t\t","protected":false},"excerpt":{"rendered":"<p>Acompa\u00f1amiento en duelos y p\u00e9rdidas Transformando el duelo y sufrimiento en la enfermedad, la vejez y la muerte en Calma, Quietud y Amor Incondicional por medio de Pr\u00e1cticas Contemplativas y los Cuidados Contemplativos. \u00bfQu\u00e9 son las Pr\u00e1cticas Contemplativas? Las Pr\u00e1cticas Contemplativas son herramientas meditativas, f\u00edsicas, emocionales y espirituales con las cuales cultivamos nuestra atenci\u00f3n plena &hellip;<\/p>\n<p class=\"read-more\"> <a class=\"\" href=\"https:\/\/www.oceanodecontemplacion.com\/index.php\/acompanamiento\/\"> <span class=\"screen-reader-text\">Acompa\u00f1amiento Tanatol\u00f3gico<\/span> Leer m\u00e1s &raquo;<\/a><\/p>\n","protected":false},"author":1,"featured_media":0,"parent":0,"menu_order":0,"comment_status":"closed","ping_status":"closed","template":"","meta":{"footnotes":""},"class_list":["post-500","page","type-page","status-publish","hentry"],"_links":{"self":[{"href":"https:\/\/www.oceanodecontemplacion.com\/index.php\/wp-json\/wp\/v2\/pages\/500","targetHints":{"allow":["GET"]}}],"collection":[{"href":"https:\/\/www.oceanodecontemplacion.com\/index.php\/wp-json\/wp\/v2\/pages"}],"about":[{"href":"https:\/\/www.oceanodecontemplacion.com\/index.php\/wp-json\/wp\/v2\/types\/page"}],"author":[{"embeddable":true,"href":"https:\/\/www.oceanodecontemplacion.com\/index.php\/wp-json\/wp\/v2\/users\/1"}],"replies":[{"embeddable":true,"href":"https:\/\/www.oceanodecontemplacion.com\/index.php\/wp-json\/wp\/v2\/comments?post=500"}],"version-history":[{"count":49,"href":"https:\/\/www.oceanodecontemplacion.com\/index.php\/wp-json\/wp\/v2\/pages\/500\/revisions"}],"predecessor-version":[{"id":1114,"href":"https:\/\/www.oceanodecontemplacion.com\/index.php\/wp-json\/wp\/v2\/pages\/500\/revisions\/1114"}],"wp:attachment":[{"href":"https:\/\/www.oceanodecontemplacion.com\/index.php\/wp-json\/wp\/v2\/media?parent=500"}],"curies":[{"name":"wp","href":"https:\/\/api.w.org\/{rel}","templated":true}]}}