{"id":561,"date":"2021-03-21T05:57:36","date_gmt":"2021-03-21T05:57:36","guid":{"rendered":"https:\/\/www.oceanodecontemplacion.com\/?page_id=561"},"modified":"2025-10-25T00:18:11","modified_gmt":"2025-10-25T00:18:11","slug":"calendario","status":"publish","type":"page","link":"https:\/\/www.oceanodecontemplacion.com\/index.php\/calendario\/","title":{"rendered":"CALENDARIO  (MEDITACION ZEN &#8220;ZAZEN&#8221;)"},"content":{"rendered":"\t\t<div data-elementor-type=\"wp-page\" data-elementor-id=\"561\" class=\"elementor elementor-561\" data-elementor-settings=\"[]\">\n\t\t\t\t\t\t\t<div class=\"elementor-section-wrap\">\n\t\t\t\t\t\t\t<section class=\"elementor-section elementor-top-section elementor-element elementor-element-ede6f42 elementor-section-height-min-height elementor-section-boxed elementor-section-height-default elementor-section-items-middle\" data-id=\"ede6f42\" data-element_type=\"section\" data-settings=\"{&quot;background_background&quot;:&quot;classic&quot;}\">\n\t\t\t\t\t\t\t<div class=\"elementor-background-overlay\"><\/div>\n\t\t\t\t\t\t\t<div class=\"elementor-container elementor-column-gap-default\">\n\t\t\t\t\t<div class=\"elementor-column elementor-col-100 elementor-top-column elementor-element elementor-element-bc6a053\" data-id=\"bc6a053\" data-element_type=\"column\">\n\t\t\t<div class=\"elementor-widget-wrap elementor-element-populated\">\n\t\t\t\t\t\t\t\t<div class=\"elementor-element elementor-element-4d18afb elementor-widget elementor-widget-heading\" data-id=\"4d18afb\" data-element_type=\"widget\" data-widget_type=\"heading.default\">\n\t\t\t\t<div class=\"elementor-widget-container\">\n\t\t\t<h1 class=\"elementor-heading-title elementor-size-default\">Calendario<\/h1>\t\t<\/div>\n\t\t\t\t<\/div>\n\t\t\t\t\t<\/div>\n\t\t<\/div>\n\t\t\t\t\t\t\t<\/div>\n\t\t<\/section>\n\t\t\t\t<section class=\"elementor-section elementor-top-section elementor-element elementor-element-f40f617 elementor-section-boxed elementor-section-height-default elementor-section-height-default\" data-id=\"f40f617\" data-element_type=\"section\">\n\t\t\t\t\t\t<div class=\"elementor-container elementor-column-gap-default\">\n\t\t\t\t\t<div class=\"elementor-column elementor-col-100 elementor-top-column elementor-element elementor-element-c2c65f1\" data-id=\"c2c65f1\" data-element_type=\"column\">\n\t\t\t<div class=\"elementor-widget-wrap elementor-element-populated\">\n\t\t\t\t\t\t\t\t<div class=\"elementor-element elementor-element-5f1814d elementor-widget elementor-widget-text-editor\" data-id=\"5f1814d\" data-element_type=\"widget\" data-widget_type=\"text-editor.default\">\n\t\t\t\t<div class=\"elementor-widget-container\">\n\t\t\t\t\t<div class=\"elementor-text-editor elementor-clearfix\"><p>Mountain Cloud Zen Center, Santa Fe, NM.<\/p><\/div>\n\t\t\t\t<\/div>\n\t\t\t\t<\/div>\n\t\t\t\t\t<\/div>\n\t\t<\/div>\n\t\t\t\t\t\t\t<\/div>\n\t\t<\/section>\n\t\t\t\t<section class=\"elementor-section elementor-top-section elementor-element elementor-element-48c78d2 elementor-section-boxed elementor-section-height-default elementor-section-height-default\" data-id=\"48c78d2\" data-element_type=\"section\">\n\t\t\t\t\t\t<div class=\"elementor-container elementor-column-gap-default\">\n\t\t\t\t\t<div class=\"elementor-column elementor-col-100 elementor-top-column elementor-element elementor-element-9c053df\" data-id=\"9c053df\" data-element_type=\"column\">\n\t\t\t<div class=\"elementor-widget-wrap elementor-element-populated\">\n\t\t\t\t\t\t\t\t<div class=\"elementor-element elementor-element-e889287 elementor-widget elementor-widget-heading\" data-id=\"e889287\" data-element_type=\"widget\" data-widget_type=\"heading.default\">\n\t\t\t\t<div class=\"elementor-widget-container\">\n\t\t\t<h3 class=\"elementor-heading-title elementor-size-default\">CONSULTA TODOS NUESTROS EVENTOS<\/h3>\t\t<\/div>\n\t\t\t\t<\/div>\n\t\t\t\t\t<\/div>\n\t\t<\/div>\n\t\t\t\t\t\t\t<\/div>\n\t\t<\/section>\n\t\t\t\t<section class=\"elementor-section elementor-top-section elementor-element elementor-element-fe9eb84 elementor-section-boxed elementor-section-height-default elementor-section-height-default\" data-id=\"fe9eb84\" data-element_type=\"section\">\n\t\t\t\t\t\t<div class=\"elementor-container elementor-column-gap-default\">\n\t\t\t\t\t<div class=\"elementor-column elementor-col-50 elementor-top-column elementor-element elementor-element-2cf7207\" data-id=\"2cf7207\" data-element_type=\"column\">\n\t\t\t<div class=\"elementor-widget-wrap elementor-element-populated\">\n\t\t\t\t\t\t\t\t<div class=\"elementor-element elementor-element-2fe3b56 elementor-widget elementor-widget-image\" data-id=\"2fe3b56\" data-element_type=\"widget\" data-widget_type=\"image.default\">\n\t\t\t\t<div class=\"elementor-widget-container\">\n\t\t\t\t\t<div class=\"elementor-image\">\n\t\t\t\t\t\t\t\t\t\t<img loading=\"lazy\" decoding=\"async\" width=\"910\" height=\"1024\" src=\"https:\/\/www.oceanodecontemplacion.com\/wp-content\/uploads\/2024\/10\/stones-stack-balance-8090026-910x1024.jpg\" class=\"attachment-large size-large\" alt=\"stones, stack, balance\" srcset=\"https:\/\/www.oceanodecontemplacion.com\/wp-content\/uploads\/2024\/10\/stones-stack-balance-8090026-910x1024.jpg 910w, https:\/\/www.oceanodecontemplacion.com\/wp-content\/uploads\/2024\/10\/stones-stack-balance-8090026-266x300.jpg 266w, https:\/\/www.oceanodecontemplacion.com\/wp-content\/uploads\/2024\/10\/stones-stack-balance-8090026-768x865.jpg 768w, https:\/\/www.oceanodecontemplacion.com\/wp-content\/uploads\/2024\/10\/stones-stack-balance-8090026.jpg 1137w\" sizes=\"auto, (max-width: 910px) 100vw, 910px\" \/>\t\t\t\t\t\t\t\t\t\t\t<\/div>\n\t\t\t\t<\/div>\n\t\t\t\t<\/div>\n\t\t\t\t\t<\/div>\n\t\t<\/div>\n\t\t\t\t<div class=\"elementor-column elementor-col-50 elementor-top-column elementor-element elementor-element-cf7be23\" data-id=\"cf7be23\" data-element_type=\"column\">\n\t\t\t<div class=\"elementor-widget-wrap elementor-element-populated\">\n\t\t\t\t\t\t\t\t<div class=\"elementor-element elementor-element-4ad9beb elementor-widget elementor-widget-text-editor\" data-id=\"4ad9beb\" data-element_type=\"widget\" data-widget_type=\"text-editor.default\">\n\t\t\t\t<div class=\"elementor-widget-container\">\n\t\t\t\t\t<div class=\"elementor-text-editor elementor-clearfix\"><p style=\"text-align: center;\">MEDITACI\u00d3N ZEN (ZAZEN)<\/p><p style=\"text-align: center;\"><em>&#8220;En la mente del principiante hay muchas posibilidades, pero en la del experto hay pocas&#8221; Suzuki<\/em><\/p><p style=\"text-align: center;\">Te invitamos a practicar meditaci\u00f3n zen, adem\u00e1s compartimos lecturas, ense\u00f1anzas y charlas que nos llevan a conocer y entender que es el Zen en nuestra vida diaria.\u00a0 En esta \u00e9poca de confusi\u00f3n y dualidad acentuada la pr\u00e1ctica zen nos ayuda a vivir una vida m\u00e1s centrada y calmada.<\/p><p style=\"text-align: center;\">Todos los martes a las 7:00 pm por zoom<\/p><p style=\"text-align: center;\">\u00danase a la reuni\u00f3n de Zoom<br \/><a href=\"https:\/\/us02web.zoom.us\/j\/86470870673?pwd=TIWN0QMki7ea3MxanqEIJQSam2Kv1d.1\" target=\"_blank\" rel=\"noopener\">https:\/\/us02web.zoom.us\/j\/86470870673?pwd=TIWN0QMki7ea3MxanqEIJQSam2Kv1d.1<\/a><\/p><p>ID de reuni\u00f3n: 864 7087 0673<br \/>C\u00f3digo de acceso: 013520<\/p><p>Mestro: Sensei Jos\u00e9 <em>Shinzan<\/em> Palma<\/p><p>Coordinadora: Julieta <em>Jikai<\/em> Becerril<\/p><\/div>\n\t\t\t\t<\/div>\n\t\t\t\t<\/div>\n\t\t\t\t\t<\/div>\n\t\t<\/div>\n\t\t\t\t\t\t\t<\/div>\n\t\t<\/section>\n\t\t\t\t<section class=\"elementor-section elementor-top-section elementor-element elementor-element-00cbba3 elementor-section-boxed elementor-section-height-default elementor-section-height-default\" data-id=\"00cbba3\" data-element_type=\"section\">\n\t\t\t\t\t\t<div class=\"elementor-container elementor-column-gap-default\">\n\t\t\t\t\t<div class=\"elementor-column elementor-col-100 elementor-top-column elementor-element elementor-element-f4d2934\" data-id=\"f4d2934\" data-element_type=\"column\">\n\t\t\t<div class=\"elementor-widget-wrap elementor-element-populated\">\n\t\t\t\t\t\t\t\t<div class=\"elementor-element elementor-element-6af7d36 elementor-widget elementor-widget-shortcode\" data-id=\"6af7d36\" data-element_type=\"widget\" data-widget_type=\"shortcode.default\">\n\t\t\t\t<div class=\"elementor-widget-container\">\n\t\t\t\t\t<div class=\"elementor-shortcode\">\n<\/div>\n\t\t\t\t<\/div>\n\t\t\t\t<\/div>\n\t\t\t\t\t<\/div>\n\t\t<\/div>\n\t\t\t\t\t\t\t<\/div>\n\t\t<\/section>\n\t\t\t\t<section class=\"elementor-section elementor-top-section elementor-element elementor-element-999d0ce elementor-section-boxed elementor-section-height-default elementor-section-height-default\" data-id=\"999d0ce\" data-element_type=\"section\">\n\t\t\t\t\t\t<div class=\"elementor-container elementor-column-gap-default\">\n\t\t\t\t\t<div class=\"elementor-column elementor-col-50 elementor-top-column elementor-element elementor-element-66e8d26\" data-id=\"66e8d26\" data-element_type=\"column\">\n\t\t\t<div class=\"elementor-widget-wrap elementor-element-populated\">\n\t\t\t\t\t\t\t\t<div class=\"elementor-element elementor-element-e40b2ee elementor-widget elementor-widget-text-editor\" data-id=\"e40b2ee\" data-element_type=\"widget\" data-widget_type=\"text-editor.default\">\n\t\t\t\t<div class=\"elementor-widget-container\">\n\t\t\t\t\t<div class=\"elementor-text-editor elementor-clearfix\"><p>.<\/p><\/div>\n\t\t\t\t<\/div>\n\t\t\t\t<\/div>\n\t\t\t\t<div class=\"elementor-element elementor-element-95a63e7 elementor-widget elementor-widget-image\" data-id=\"95a63e7\" data-element_type=\"widget\" data-widget_type=\"image.default\">\n\t\t\t\t<div class=\"elementor-widget-container\">\n\t\t\t\t\t<div class=\"elementor-image\">\n\t\t\t\t\t\t\t\t\t\t<img loading=\"lazy\" decoding=\"async\" width=\"425\" height=\"360\" src=\"https:\/\/www.oceanodecontemplacion.com\/wp-content\/uploads\/2024\/11\/196600_10151150160100956_470934917_n.jpg\" class=\"attachment-large size-large\" alt=\"S\u00e1bado 9 de Agosto 2025 a las 10am Somos un grupo de Meditaci\u00f3n ZEN, formamos parte de &quot;Seed Sangha&quot; de Upaya Zen Center en Santa Fe, NM. Upaya Zen Center ha nombrado como Seed Sanghas a grupos de meditaci\u00f3n comprometidos con la pr\u00e1ctica zen y el servicio a los dem\u00e1s. Nuestras ra\u00edces de pr\u00e1ctica y aprendizaje estan profundamente comprometidas con las ense\u00f1anzas de Roshi Joan Halifax ( Abadesa de Upaya Zen Center), el espirit\u00fa de Thich Nhat Hanh y Roshi Bernie Glassman. Nuestra Sangha (grupo de meditaci\u00f3n) esta dedicado a regar las semillas del despertar y cuidado de nosotros mismos y los dem\u00e1s. Te esperamos para compartir un ratito de paz y quietud en tu interior y conocer que es realmente la Meditaci\u00f3n ZEN. Julieta Jikai Becerril Coordinadora Id. Zoom. 850 2570 9463 C\u00f3digo de Acceso: 949785 Conoce quienes somos en: https:\/\/www.oceanodecontemplacion.com https:\/\/www.upaya.org Ver menos\" srcset=\"https:\/\/www.oceanodecontemplacion.com\/wp-content\/uploads\/2024\/11\/196600_10151150160100956_470934917_n.jpg 425w, https:\/\/www.oceanodecontemplacion.com\/wp-content\/uploads\/2024\/11\/196600_10151150160100956_470934917_n-300x254.jpg 300w\" sizes=\"auto, (max-width: 425px) 100vw, 425px\" \/>\t\t\t\t\t\t\t\t\t\t\t<\/div>\n\t\t\t\t<\/div>\n\t\t\t\t<\/div>\n\t\t\t\t\t<\/div>\n\t\t<\/div>\n\t\t\t\t<div class=\"elementor-column elementor-col-50 elementor-top-column elementor-element elementor-element-ccab246\" data-id=\"ccab246\" data-element_type=\"column\">\n\t\t\t<div class=\"elementor-widget-wrap elementor-element-populated\">\n\t\t\t\t\t\t\t\t<div class=\"elementor-element elementor-element-3d88b84 elementor-widget elementor-widget-text-editor\" data-id=\"3d88b84\" data-element_type=\"widget\" data-widget_type=\"text-editor.default\">\n\t\t\t\t<div class=\"elementor-widget-container\">\n\t\t\t\t\t<div class=\"elementor-text-editor elementor-clearfix\"><p><strong>INTRODUCCI\u00d3N A LA MEDITACI\u00d3N ZEN<\/strong><\/p><p>S\u00e1bado 9 de Agosto a las 10am<\/p><div class=\"xdj266r x14z9mp xat24cr x1lziwak x1vvkbs\">Somos un grupo de Meditaci\u00f3n ZEN, formamos parte de &#8220;Seed Sangha&#8221; de Upaya Zen Center en Santa Fe, NM.<br class=\"html-br\" \/>Upaya Zen Center ha nombrado como Seed Sanghas a grupos de meditaci\u00f3n comprometidos con la pr\u00e1ctica zen y el servicio a los dem\u00e1s. Nuestras ra\u00edces de pr\u00e1ctica y aprendizaje estan profundamente comprometidas con las ense\u00f1anzas de Roshi Joan Halifax ( Abadesa de Upaya Zen Center), el espirit\u00fa de Thich Nhat Hanh y Roshi Bernie Glassman.<br class=\"html-br\" \/>Nuestra Sangha (grupo de meditaci\u00f3n) esta dedicado a regar las semillas del despertar y cuidado de nosotros mismos y los dem\u00e1s.<br class=\"html-br\" \/>Te esperamos para compartir un ratito de paz y quietud en tu interior y conocer que es realmente la Meditaci\u00f3n ZEN.<\/div><div class=\"x14z9mp xat24cr x1lziwak x1vvkbs xtlvy1s\">Julieta Jikai Becerril<br class=\"html-br\" \/>Coordinadora<\/div><div class=\"x14z9mp xat24cr x1lziwak x1vvkbs xtlvy1s\">\u00a0<\/div><div class=\"x14z9mp xat24cr x1lziwak x1vvkbs xtlvy1s\">Id. Zoom. 850 2570 9463<br class=\"html-br\" \/>C\u00f3digo de Acceso: 949785<\/div><div class=\"x14z9mp xat24cr x1lziwak x1vvkbs xtlvy1s\">Conoce quienes somos en: <br class=\"html-br\" \/><a class=\"x1i10hfl xjbqb8w x1ejq31n x18oe1m7 x1sy0etr xstzfhl x972fbf x10w94by x1qhh985 x14e42zd x9f619 x1ypdohk xt0psk2 xe8uvvx xdj266r x14z9mp xat24cr x1lziwak xexx8yu xyri2b x18d9i69 x1c1uobl x16tdsg8 x1hl2dhg xggy1nq x1a2a7pz xkrqix3 x1sur9pj x1fey0fg x1s688f\" tabindex=\"0\" role=\"link\" href=\"https:\/\/www.oceanodecontemplacion.com\/?fbclid=IwZXh0bgNhZW0CMTAAYnJpZBExSnFOWDhmNFdZaFlpNXBwMQEetkOXpjFAfi8X0vwR52LY2zTPkW001RYLv3xKnFqSWfGsiIhly89j_rNWZec_aem_xTTCZbIOeY2NkkTUxl22WA\" target=\"_blank\" rel=\"nofollow noopener noreferrer\">https:\/\/www.oceanodecontemplacion.com<\/a><br class=\"html-br\" \/><a class=\"x1i10hfl xjbqb8w x1ejq31n x18oe1m7 x1sy0etr xstzfhl x972fbf x10w94by x1qhh985 x14e42zd x9f619 x1ypdohk xt0psk2 xe8uvvx xdj266r x14z9mp xat24cr x1lziwak xexx8yu xyri2b x18d9i69 x1c1uobl x16tdsg8 x1hl2dhg xggy1nq x1a2a7pz xkrqix3 x1sur9pj x1fey0fg x1s688f\" tabindex=\"0\" role=\"link\" href=\"https:\/\/l.facebook.com\/l.php?u=https%3A%2F%2Fwww.upaya.org%2F%3Ffbclid%3DIwZXh0bgNhZW0CMTAAYnJpZBExSnFOWDhmNFdZaFlpNXBwMQEeKkQmMRwzf7A_1HgAw5Nq8w-WrqrB8RAaVIcicmsN2kgnp7ac2uuGnldWsp0_aem_ajrknXsSLtR8-8ikFIZEMw&amp;h=AT0jyL8dKOdaKZCbxVLlUgWtG4krhWgPepQOWqewoF0ilVy8bIa4KwW9mgYnVduJ3nX0H5ZnaPcXSQ2Ylvlre0O535CN0tg71qSCt9ITEZp2kyE7JLY0p4X5CRU0xb8q5XGiyRQe39ObvAffbTOcYznTXeFGzDLHJoY&amp;__tn__=q&amp;c[0]=AT1lUg1K8tHpazmOadJ_ASkLTWqhg55Qumkpsf5OwOC2PDM6AkRwqTbk4FSd86OYP0HnFZLEhFoU-2-Jv-FMc2BmVntBtMnhZ2NOFuPYGS13w8vnbdhbNNE-DG2MC1_K0_QwtsQN3RysUu71a5U7Rdbzpnot2Y5RxmQ\" target=\"_blank\" rel=\"nofollow noopener noreferrer\">https:\/\/www.upaya.org<\/a><\/div><div>(seed sangha)<\/div><\/div>\n\t\t\t\t<\/div>\n\t\t\t\t<\/div>\n\t\t\t\t\t<\/div>\n\t\t<\/div>\n\t\t\t\t\t\t\t<\/div>\n\t\t<\/section>\n\t\t\t\t<section class=\"elementor-section elementor-top-section elementor-element elementor-element-3cc33bd elementor-section-boxed elementor-section-height-default elementor-section-height-default\" data-id=\"3cc33bd\" data-element_type=\"section\">\n\t\t\t\t\t\t<div class=\"elementor-container elementor-column-gap-default\">\n\t\t\t\t\t<div class=\"elementor-column elementor-col-100 elementor-top-column elementor-element elementor-element-c32df9b\" data-id=\"c32df9b\" data-element_type=\"column\">\n\t\t\t<div class=\"elementor-widget-wrap elementor-element-populated\">\n\t\t\t\t\t\t\t\t<div class=\"elementor-element elementor-element-a59cc36 elementor-widget elementor-widget-shortcode\" data-id=\"a59cc36\" data-element_type=\"widget\" data-widget_type=\"shortcode.default\">\n\t\t\t\t<div class=\"elementor-widget-container\">\n\t\t\t\t\t<div class=\"elementor-shortcode\"><\/div>\n\t\t\t\t<\/div>\n\t\t\t\t<\/div>\n\t\t\t\t<div class=\"elementor-element elementor-element-52b8255 elementor-widget elementor-widget-spacer\" data-id=\"52b8255\" data-element_type=\"widget\" data-widget_type=\"spacer.default\">\n\t\t\t\t<div class=\"elementor-widget-container\">\n\t\t\t\t\t<div class=\"elementor-spacer\">\n\t\t\t<div class=\"elementor-spacer-inner\"><\/div>\n\t\t<\/div>\n\t\t\t\t<\/div>\n\t\t\t\t<\/div>\n\t\t\t\t\t<\/div>\n\t\t<\/div>\n\t\t\t\t\t\t\t<\/div>\n\t\t<\/section>\n\t\t\t\t<section class=\"elementor-section elementor-top-section elementor-element elementor-element-3b7e1f0 elementor-section-boxed elementor-section-height-default elementor-section-height-default\" data-id=\"3b7e1f0\" data-element_type=\"section\">\n\t\t\t\t\t\t<div class=\"elementor-container elementor-column-gap-default\">\n\t\t\t\t\t<div class=\"elementor-column elementor-col-100 elementor-top-column elementor-element elementor-element-82ceba6\" data-id=\"82ceba6\" data-element_type=\"column\">\n\t\t\t<div class=\"elementor-widget-wrap elementor-element-populated\">\n\t\t\t\t\t\t\t\t\t<\/div>\n\t\t<\/div>\n\t\t\t\t\t\t\t<\/div>\n\t\t<\/section>\n\t\t\t\t<section class=\"elementor-section elementor-top-section elementor-element elementor-element-506927c elementor-section-boxed elementor-section-height-default elementor-section-height-default\" data-id=\"506927c\" data-element_type=\"section\">\n\t\t\t\t\t\t<div class=\"elementor-container elementor-column-gap-default\">\n\t\t\t\t\t<div class=\"elementor-column elementor-col-50 elementor-top-column elementor-element elementor-element-0935033\" data-id=\"0935033\" data-element_type=\"column\">\n\t\t\t<div class=\"elementor-widget-wrap elementor-element-populated\">\n\t\t\t\t\t\t\t\t<div class=\"elementor-element elementor-element-eb5b23e elementor-widget elementor-widget-image\" data-id=\"eb5b23e\" data-element_type=\"widget\" data-widget_type=\"image.default\">\n\t\t\t\t<div class=\"elementor-widget-container\">\n\t\t\t\t\t<div class=\"elementor-image\">\n\t\t\t\t\t\t\t\t\t\t<img loading=\"lazy\" decoding=\"async\" width=\"910\" height=\"1024\" src=\"https:\/\/www.oceanodecontemplacion.com\/wp-content\/uploads\/2024\/10\/stones-stack-balance-8090026-910x1024.jpg\" class=\"attachment-large size-large\" alt=\"stones, stack, balance\" srcset=\"https:\/\/www.oceanodecontemplacion.com\/wp-content\/uploads\/2024\/10\/stones-stack-balance-8090026-910x1024.jpg 910w, https:\/\/www.oceanodecontemplacion.com\/wp-content\/uploads\/2024\/10\/stones-stack-balance-8090026-266x300.jpg 266w, https:\/\/www.oceanodecontemplacion.com\/wp-content\/uploads\/2024\/10\/stones-stack-balance-8090026-768x865.jpg 768w, https:\/\/www.oceanodecontemplacion.com\/wp-content\/uploads\/2024\/10\/stones-stack-balance-8090026.jpg 1137w\" sizes=\"auto, (max-width: 910px) 100vw, 910px\" \/>\t\t\t\t\t\t\t\t\t\t\t<\/div>\n\t\t\t\t<\/div>\n\t\t\t\t<\/div>\n\t\t\t\t\t<\/div>\n\t\t<\/div>\n\t\t\t\t<div class=\"elementor-column elementor-col-50 elementor-top-column elementor-element elementor-element-99661d8\" data-id=\"99661d8\" data-element_type=\"column\">\n\t\t\t<div class=\"elementor-widget-wrap elementor-element-populated\">\n\t\t\t\t\t\t\t\t<div class=\"elementor-element elementor-element-8235424 elementor-widget elementor-widget-text-editor\" data-id=\"8235424\" data-element_type=\"widget\" data-widget_type=\"text-editor.default\">\n\t\t\t\t<div class=\"elementor-widget-container\">\n\t\t\t\t\t<div class=\"elementor-text-editor elementor-clearfix\"><p style=\"text-align: center;\">MEDITACI\u00d3N ZEN (ZAZEN)<\/p><p style=\"text-align: center;\"><em>&#8220;En la mente del principiante hay muchas posibilidades, pero en la del experto hay pocas&#8221; Suzuki<\/em><\/p><p style=\"text-align: center;\">Te invitamos a practicar meditaci\u00f3n zen, adem\u00e1s compartimos lecturas, ense\u00f1anzas y charlas que nos llevan a conocer y entender que es el Zen en nuestra vida diaria.\u00a0 En esta \u00e9poca de confusi\u00f3n y dualidad acentuada la pr\u00e1ctica zen nos ayuda a vivir una vida m\u00e1s centrada y calmada.<\/p><p style=\"text-align: center;\">Todos los martes a las 7:00 pm por zoom<\/p><p style=\"text-align: center;\">\u00danase a la reuni\u00f3n de Zoom<br \/><a href=\"https:\/\/us02web.zoom.us\/j\/86470870673?pwd=TIWN0QMki7ea3MxanqEIJQSam2Kv1d.1\" target=\"_blank\" rel=\"noopener\">https:\/\/us02web.zoom.us\/j\/86470870673?pwd=TIWN0QMki7ea3MxanqEIJQSam2Kv1d.1<\/a><\/p><p>ID de reuni\u00f3n: 864 7087 0673<br \/>C\u00f3digo de acceso: 013520<\/p><p>Mestro: Sensei Jos\u00e9 <em>Shinzan<\/em> Palma<\/p><p>Coordinadora: Julieta <em>Jikai<\/em> Becerril<\/p><\/div>\n\t\t\t\t<\/div>\n\t\t\t\t<\/div>\n\t\t\t\t\t<\/div>\n\t\t<\/div>\n\t\t\t\t\t\t\t<\/div>\n\t\t<\/section>\n\t\t\t\t\t\t<\/div>\n\t\t\t\t\t<\/div>\n\t\t","protected":false},"excerpt":{"rendered":"<p>Calendario Mountain Cloud Zen Center, Santa Fe, NM. CONSULTA TODOS NUESTROS EVENTOS MEDITACI\u00d3N ZEN (ZAZEN) &#8220;En la mente del principiante hay muchas posibilidades, pero en la del experto hay pocas&#8221; Suzuki Te invitamos a practicar meditaci\u00f3n zen, adem\u00e1s compartimos lecturas, ense\u00f1anzas y charlas que nos llevan a conocer y entender que es el Zen en &hellip;<\/p>\n<p class=\"read-more\"> <a class=\"\" href=\"https:\/\/www.oceanodecontemplacion.com\/index.php\/calendario\/\"> <span class=\"screen-reader-text\">CALENDARIO  (MEDITACION ZEN &#8220;ZAZEN&#8221;)<\/span> Leer m\u00e1s &raquo;<\/a><\/p>\n","protected":false},"author":1,"featured_media":0,"parent":0,"menu_order":0,"comment_status":"closed","ping_status":"closed","template":"","meta":{"footnotes":""},"class_list":["post-561","page","type-page","status-publish","hentry"],"_links":{"self":[{"href":"https:\/\/www.oceanodecontemplacion.com\/index.php\/wp-json\/wp\/v2\/pages\/561","targetHints":{"allow":["GET"]}}],"collection":[{"href":"https:\/\/www.oceanodecontemplacion.com\/index.php\/wp-json\/wp\/v2\/pages"}],"about":[{"href":"https:\/\/www.oceanodecontemplacion.com\/index.php\/wp-json\/wp\/v2\/types\/page"}],"author":[{"embeddable":true,"href":"https:\/\/www.oceanodecontemplacion.com\/index.php\/wp-json\/wp\/v2\/users\/1"}],"replies":[{"embeddable":true,"href":"https:\/\/www.oceanodecontemplacion.com\/index.php\/wp-json\/wp\/v2\/comments?post=561"}],"version-history":[{"count":67,"href":"https:\/\/www.oceanodecontemplacion.com\/index.php\/wp-json\/wp\/v2\/pages\/561\/revisions"}],"predecessor-version":[{"id":2135,"href":"https:\/\/www.oceanodecontemplacion.com\/index.php\/wp-json\/wp\/v2\/pages\/561\/revisions\/2135"}],"wp:attachment":[{"href":"https:\/\/www.oceanodecontemplacion.com\/index.php\/wp-json\/wp\/v2\/media?parent=561"}],"curies":[{"name":"wp","href":"https:\/\/api.w.org\/{rel}","templated":true}]}}