{"id":735,"date":"2021-03-24T05:03:46","date_gmt":"2021-03-24T05:03:46","guid":{"rendered":"https:\/\/www.oceanodecontemplacion.com\/?page_id=735"},"modified":"2021-05-08T01:34:21","modified_gmt":"2021-05-08T01:34:21","slug":"donaciones","status":"publish","type":"page","link":"https:\/\/www.oceanodecontemplacion.com\/index.php\/donaciones\/","title":{"rendered":"Donaciones"},"content":{"rendered":"\t\t<div data-elementor-type=\"wp-page\" data-elementor-id=\"735\" class=\"elementor elementor-735\" data-elementor-settings=\"[]\">\n\t\t\t\t\t\t\t<div class=\"elementor-section-wrap\">\n\t\t\t\t\t\t\t<section class=\"elementor-section elementor-top-section elementor-element elementor-element-1b0a5d33 elementor-section-height-min-height elementor-section-boxed elementor-section-height-default elementor-section-items-middle\" data-id=\"1b0a5d33\" data-element_type=\"section\" data-settings=\"{&quot;background_background&quot;:&quot;classic&quot;}\">\n\t\t\t\t\t\t\t<div class=\"elementor-background-overlay\"><\/div>\n\t\t\t\t\t\t\t<div class=\"elementor-container elementor-column-gap-default\">\n\t\t\t\t\t<div class=\"elementor-column elementor-col-100 elementor-top-column elementor-element elementor-element-1f841ba\" data-id=\"1f841ba\" data-element_type=\"column\">\n\t\t\t<div class=\"elementor-widget-wrap elementor-element-populated\">\n\t\t\t\t\t\t\t\t<div class=\"elementor-element elementor-element-dcc12ba elementor-widget elementor-widget-heading\" data-id=\"dcc12ba\" data-element_type=\"widget\" data-widget_type=\"heading.default\">\n\t\t\t\t<div class=\"elementor-widget-container\">\n\t\t\t<h1 class=\"elementor-heading-title elementor-size-default\">Donaciones<\/h1>\t\t<\/div>\n\t\t\t\t<\/div>\n\t\t\t\t\t<\/div>\n\t\t<\/div>\n\t\t\t\t\t\t\t<\/div>\n\t\t<\/section>\n\t\t\t\t<section class=\"elementor-section elementor-top-section elementor-element elementor-element-c8dae8a elementor-section-boxed elementor-section-height-default elementor-section-height-default\" data-id=\"c8dae8a\" data-element_type=\"section\">\n\t\t\t\t\t\t<div class=\"elementor-container elementor-column-gap-default\">\n\t\t\t\t\t<div class=\"elementor-column elementor-col-100 elementor-top-column elementor-element elementor-element-24ba65f\" data-id=\"24ba65f\" data-element_type=\"column\">\n\t\t\t<div class=\"elementor-widget-wrap elementor-element-populated\">\n\t\t\t\t\t\t\t\t<div class=\"elementor-element elementor-element-f8cc2e2 elementor-widget elementor-widget-spacer\" data-id=\"f8cc2e2\" data-element_type=\"widget\" data-widget_type=\"spacer.default\">\n\t\t\t\t<div class=\"elementor-widget-container\">\n\t\t\t\t\t<div class=\"elementor-spacer\">\n\t\t\t<div class=\"elementor-spacer-inner\"><\/div>\n\t\t<\/div>\n\t\t\t\t<\/div>\n\t\t\t\t<\/div>\n\t\t\t\t\t<\/div>\n\t\t<\/div>\n\t\t\t\t\t\t\t<\/div>\n\t\t<\/section>\n\t\t\t\t<section class=\"elementor-section elementor-top-section elementor-element elementor-element-d43bf9f elementor-section-boxed elementor-section-height-default elementor-section-height-default\" data-id=\"d43bf9f\" data-element_type=\"section\">\n\t\t\t\t\t\t<div class=\"elementor-container elementor-column-gap-default\">\n\t\t\t\t\t<div class=\"elementor-column elementor-col-100 elementor-top-column elementor-element elementor-element-59f1dd2\" data-id=\"59f1dd2\" data-element_type=\"column\">\n\t\t\t<div class=\"elementor-widget-wrap elementor-element-populated\">\n\t\t\t\t\t\t\t\t<div class=\"elementor-element elementor-element-4cfebb2 elementor-widget elementor-widget-text-editor\" data-id=\"4cfebb2\" data-element_type=\"widget\" data-widget_type=\"text-editor.default\">\n\t\t\t\t<div class=\"elementor-widget-container\">\n\t\t\t\t\t<div class=\"elementor-text-editor elementor-clearfix\"><p style=\"text-align:center;font-size:1.5rem;\">\n<span style=\"font-weight: 400;\">Tu generoso donativo apoya nuestro esfuerzo para seguir adelante con nuestra Sangha (Grupo de Meditaci\u00f3n), en donde encontrar\u00e1s la forma adecuada de integrar la Pr\u00e1ctica y Ense\u00f1anzas Zen en tu vida.<\/span><\/p>\n<p style=\"text-align:center;\">\n<span style=\"font-weight: 400;font-size:1.5rem;\"\">As\u00ed como, avanzar con nuestro proyecto de seguir prepar\u00e1ndonos y ofrecer Cuidados Contemplativos y Compasivos a las personas m\u00e1s vulnerables de nuestra sociedad que se encuentran en duelo y sufrimiento.<\/span><\/p><\/div>\n\t\t\t\t<\/div>\n\t\t\t\t<\/div>\n\t\t\t\t\t<\/div>\n\t\t<\/div>\n\t\t\t\t\t\t\t<\/div>\n\t\t<\/section>\n\t\t\t\t<section class=\"elementor-section elementor-top-section elementor-element elementor-element-9af8b7e elementor-section-boxed elementor-section-height-default elementor-section-height-default\" data-id=\"9af8b7e\" data-element_type=\"section\">\n\t\t\t\t\t\t<div class=\"elementor-container elementor-column-gap-default\">\n\t\t\t\t\t<div class=\"elementor-column elementor-col-100 elementor-top-column elementor-element elementor-element-8b422a0\" data-id=\"8b422a0\" data-element_type=\"column\">\n\t\t\t<div class=\"elementor-widget-wrap elementor-element-populated\">\n\t\t\t\t\t\t\t\t<div class=\"elementor-element elementor-element-e9ec1f8 elementor-widget elementor-widget-text-editor\" data-id=\"e9ec1f8\" data-element_type=\"widget\" data-widget_type=\"text-editor.default\">\n\t\t\t\t<div class=\"elementor-widget-container\">\n\t\t\t\t\t<div class=\"elementor-text-editor elementor-clearfix\"><p style=\"text-align: right;\">*Esta aplicaci\u00f3n a\u00fan no esta disponible<\/p><\/div>\n\t\t\t\t<\/div>\n\t\t\t\t<\/div>\n\t\t\t\t\t<\/div>\n\t\t<\/div>\n\t\t\t\t\t\t\t<\/div>\n\t\t<\/section>\n\t\t\t\t\t\t<\/div>\n\t\t\t\t\t<\/div>\n\t\t","protected":false},"excerpt":{"rendered":"<p>Donaciones Tu generoso donativo apoya nuestro esfuerzo para seguir adelante con nuestra Sangha (Grupo de Meditaci\u00f3n), en donde encontrar\u00e1s la forma adecuada de integrar la Pr\u00e1ctica y Ense\u00f1anzas Zen en tu vida. As\u00ed como, avanzar con nuestro proyecto de seguir prepar\u00e1ndonos y ofrecer Cuidados Contemplativos y Compasivos a las personas m\u00e1s vulnerables de nuestra sociedad &hellip;<\/p>\n<p class=\"read-more\"> <a class=\"\" href=\"https:\/\/www.oceanodecontemplacion.com\/index.php\/donaciones\/\"> <span class=\"screen-reader-text\">Donaciones<\/span> Leer m\u00e1s &raquo;<\/a><\/p>\n","protected":false},"author":1,"featured_media":0,"parent":0,"menu_order":0,"comment_status":"closed","ping_status":"closed","template":"","meta":{"footnotes":""},"class_list":["post-735","page","type-page","status-publish","hentry"],"_links":{"self":[{"href":"https:\/\/www.oceanodecontemplacion.com\/index.php\/wp-json\/wp\/v2\/pages\/735","targetHints":{"allow":["GET"]}}],"collection":[{"href":"https:\/\/www.oceanodecontemplacion.com\/index.php\/wp-json\/wp\/v2\/pages"}],"about":[{"href":"https:\/\/www.oceanodecontemplacion.com\/index.php\/wp-json\/wp\/v2\/types\/page"}],"author":[{"embeddable":true,"href":"https:\/\/www.oceanodecontemplacion.com\/index.php\/wp-json\/wp\/v2\/users\/1"}],"replies":[{"embeddable":true,"href":"https:\/\/www.oceanodecontemplacion.com\/index.php\/wp-json\/wp\/v2\/comments?post=735"}],"version-history":[{"count":40,"href":"https:\/\/www.oceanodecontemplacion.com\/index.php\/wp-json\/wp\/v2\/pages\/735\/revisions"}],"predecessor-version":[{"id":1213,"href":"https:\/\/www.oceanodecontemplacion.com\/index.php\/wp-json\/wp\/v2\/pages\/735\/revisions\/1213"}],"wp:attachment":[{"href":"https:\/\/www.oceanodecontemplacion.com\/index.php\/wp-json\/wp\/v2\/media?parent=735"}],"curies":[{"name":"wp","href":"https:\/\/api.w.org\/{rel}","templated":true}]}}